{"id":130,"date":"2025-10-31T16:06:22","date_gmt":"2025-10-31T19:06:22","guid":{"rendered":"https:\/\/casadausinagemmatao.com.br\/?post_type=product&#038;p=130"},"modified":"2025-10-31T16:07:23","modified_gmt":"2025-10-31T19:07:23","slug":"micrometro-externo","status":"publish","type":"product","link":"https:\/\/casadausinagemmatao.com.br\/index.php\/product\/micrometro-externo\/","title":{"rendered":"MICROMETRO EXTERNO"},"content":{"rendered":"<p>Micr\u00f4metro Externo com Hastes Intercambi\u00e1veis<\/p>\n<p>Aplica\u00e7\u00e3o:<\/p>\n<p>Instrumento de medi\u00e7\u00e3o de alta precis\u00e3o utilizado para medir di\u00e2metros externos, espessuras e dimens\u00f5es lineares em pe\u00e7as mec\u00e2nicas. Indicado para pe\u00e7as grandes, onde um micr\u00f4metro convencional n\u00e3o alcan\u00e7a.<\/p>\n<p>&nbsp;<\/p>\n<p><strong>Constitui\u00e7\u00e3o:<\/strong><\/p>\n<p>Estrutura em arco r\u00edgido (com al\u00edvio de peso por furos).<\/p>\n<p>Tambor graduado com resolu\u00e7\u00e3o de 0,01 mm (ou 0,001\u201d nos modelos em polegada).<\/p>\n<p>Catraca de fric\u00e7\u00e3o para garantir repetibilidade na medi\u00e7\u00e3o.<\/p>\n<p>Hastes de extens\u00e3o intercambi\u00e1veis, que permitem ampliar a faixa de medi\u00e7\u00e3o.<\/p>\n<p>Estojo de madeira com alojamento para cada componente.<\/p>\n<p>&nbsp;<\/p>\n<p>&nbsp;<\/p>\n<p>Faixa de medi\u00e7\u00e3o (comum nesse tipo de kit):<\/p>\n<p>50 \u2013 300 mm (com hastes intermedi\u00e1rias)<\/p>\n<p>Pode variar de acordo com o fabricante: 25\u2013300 mm, 50\u2013500 mm ou at\u00e9 maiores.<\/p>\n<p>&nbsp;<\/p>\n<p><strong>Resolu\u00e7\u00e3o<\/strong>:<\/p>\n<p>0,01 mm (padr\u00e3o)<\/p>\n<p>Existem vers\u00f5es de alta precis\u00e3o com 0,001 mm<\/p>\n<p>&nbsp;<\/p>\n<p><strong>Acess\u00f3rios inclusos<\/strong><\/p>\n<p>Hastes de extens\u00e3o graduadas (normalmente de 25 mm em 25 mm<\/p>\n<p>Padr\u00f5es de ajuste (padr\u00f5es microm\u00e9tricos) para calibra\u00e7\u00e3o<\/p>\n<p>Chave de ajuste<\/p>\n\n    <div class=\"xs_social_share_widget xs_share_url after_content \t\tmain_content  wslu-style-1 wslu-share-box-shaped wslu-fill-colored wslu-none wslu-share-horizontal wslu-theme-font-no wslu-main_content\">\n\n\t\t\n        <ul>\n\t\t\t        <\/ul>\n    <\/div> \n","protected":false},"excerpt":{"rendered":"<p>Micr\u00f4metro Externo com Hastes Intercambi\u00e1veis Aplica\u00e7\u00e3o: Instrumento de medi\u00e7\u00e3o de alta precis\u00e3o utilizado para medir di\u00e2metros externos, espessuras e dimens\u00f5es lineares em pe\u00e7as mec\u00e2nicas. Indicado para pe\u00e7as grandes, onde um micr\u00f4metro convencional n\u00e3o alcan\u00e7a. &nbsp; Constitui\u00e7\u00e3o: Estrutura em arco r\u00edgido (com al\u00edvio de peso por furos). Tambor graduado com resolu\u00e7\u00e3o de 0,01 mm (ou 0,001\u201d [&hellip;]<\/p>\n","protected":false},"featured_media":193,"comment_status":"closed","ping_status":"closed","template":"","meta":{"postBodyCss":"","postBodyMargin":[],"postBodyPadding":[],"postBodyBackground":{"backgroundType":"classic","gradient":""}},"product_brand":[38,39],"product_cat":[36],"product_tag":[37],"class_list":{"0":"post-130","1":"product","2":"type-product","3":"status-publish","4":"has-post-thumbnail","6":"product_brand-digimess","7":"product_brand-mitutoyo","8":"product_cat-medicao","9":"product_tag-medicao","11":"first","12":"instock","13":"shipping-taxable","14":"product-type-simple"},"_links":{"self":[{"href":"https:\/\/casadausinagemmatao.com.br\/index.php\/wp-json\/wp\/v2\/product\/130","targetHints":{"allow":["GET"]}}],"collection":[{"href":"https:\/\/casadausinagemmatao.com.br\/index.php\/wp-json\/wp\/v2\/product"}],"about":[{"href":"https:\/\/casadausinagemmatao.com.br\/index.php\/wp-json\/wp\/v2\/types\/product"}],"replies":[{"embeddable":true,"href":"https:\/\/casadausinagemmatao.com.br\/index.php\/wp-json\/wp\/v2\/comments?post=130"}],"wp:featuredmedia":[{"embeddable":true,"href":"https:\/\/casadausinagemmatao.com.br\/index.php\/wp-json\/wp\/v2\/media\/193"}],"wp:attachment":[{"href":"https:\/\/casadausinagemmatao.com.br\/index.php\/wp-json\/wp\/v2\/media?parent=130"}],"wp:term":[{"taxonomy":"product_brand","embeddable":true,"href":"https:\/\/casadausinagemmatao.com.br\/index.php\/wp-json\/wp\/v2\/product_brand?post=130"},{"taxonomy":"product_cat","embeddable":true,"href":"https:\/\/casadausinagemmatao.com.br\/index.php\/wp-json\/wp\/v2\/product_cat?post=130"},{"taxonomy":"product_tag","embeddable":true,"href":"https:\/\/casadausinagemmatao.com.br\/index.php\/wp-json\/wp\/v2\/product_tag?post=130"}],"curies":[{"name":"wp","href":"https:\/\/api.w.org\/{rel}","templated":true}]}}